{"id":575,"date":"2024-11-28T04:01:16","date_gmt":"2024-11-28T04:01:16","guid":{"rendered":"https:\/\/secretosdelritmo.com\/producto\/iniciacion-al-ritmo-curso-basico-de-entrenamiento-musical-2\/"},"modified":"2025-11-21T11:06:06","modified_gmt":"2025-11-21T11:06:06","slug":"iniciacion-al-ritmo-curso-basico-de-entrenamiento-musical-2","status":"publish","type":"product","link":"https:\/\/secretosdelritmo.com\/en\/producto\/iniciacion-al-ritmo-curso-basico-de-entrenamiento-musical-2\/","title":{"rendered":"Extras opcionales."},"content":{"rendered":"<ul>\n<li><span style=\"font-weight: 400;\">Clase privada adicional con Miguel<\/span><\/li>\n<\/ul>\n<p>&nbsp;<\/p>\n<ul>\n<li><span style=\"font-weight: 400;\">Sesi\u00f3n 1:1 personalizada para revisar tu progreso y profundizar en tu camino r\u00edtmico.<\/span><\/li>\n<\/ul>\n","protected":false},"excerpt":{"rendered":"<ul>\n<li><span style=\"font-weight: 400;\">Clase privada adicional con Miguel<\/span><\/li>\n<\/ul>\n<p>&nbsp;<\/p>\n<ul>\n<li><span style=\"font-weight: 400;\">Sesi\u00f3n 1:1 personalizada para revisar tu progreso y profundizar en tu camino r\u00edtmico.<\/span><\/li>\n<\/ul>\n","protected":false},"featured_media":519,"comment_status":"open","ping_status":"closed","template":"","meta":{"_acf_changed":false,"iawp_total_views":8},"marca":[54,62],"product_brand":[],"product_cat":[88,84],"product_tag":[89,86,87],"class_list":{"0":"post-575","1":"product","2":"type-product","3":"status-publish","4":"has-post-thumbnail","6":"marca-ritmoelite","7":"marca-secretosritmo","8":"product_cat-entrenamiento-musical-en","9":"product_cat-iniciacion-en","10":"product_tag-curso-online-en","11":"product_tag-musica-en","12":"product_tag-ritmo-en","14":"first","15":"instock","16":"shipping-taxable","17":"purchasable","18":"product-type-simple"},"acf":[],"yoast_head":"<!-- This site is optimized with the Yoast SEO plugin v27.4 - https:\/\/yoast.com\/product\/yoast-seo-wordpress\/ -->\n<title>Iniciaci\u00f3n al Ritmo: Curso B\u00e1sico - Secretos del Ritmo<\/title>\n<meta name=\"description\" content=\"Descubre y domina el comp\u00e1s desde casa con nuestro curso b\u00e1sico. \u00danete a nuestra comunidad musical y transforma tu talento. Env\u00edo gratis y 100 d\u00edas de devoluci\u00f3n.\" \/>\n<meta name=\"robots\" content=\"index, follow, max-snippet:-1, max-image-preview:large, max-video-preview:-1\" \/>\n<link rel=\"canonical\" href=\"https:\/\/secretosdelritmo.com\/en\/producto\/iniciacion-al-ritmo-curso-basico-de-entrenamiento-musical-2\/\" \/>\n<meta property=\"og:locale\" content=\"en_US\" \/>\n<meta property=\"og:type\" content=\"article\" \/>\n<meta property=\"og:title\" content=\"Iniciaci\u00f3n al Ritmo: Curso B\u00e1sico - Secretos del Ritmo\" \/>\n<meta property=\"og:description\" content=\"Descubre y domina el comp\u00e1s desde casa con nuestro curso b\u00e1sico. \u00danete a nuestra comunidad musical y transforma tu talento. Env\u00edo gratis y 100 d\u00edas de devoluci\u00f3n.\" \/>\n<meta property=\"og:url\" content=\"https:\/\/secretosdelritmo.com\/en\/producto\/iniciacion-al-ritmo-curso-basico-de-entrenamiento-musical-2\/\" \/>\n<meta property=\"og:site_name\" content=\"Los secretos del ritmo\" \/>\n<meta property=\"article:modified_time\" content=\"2025-11-21T11:06:06+00:00\" \/>\n<meta property=\"og:image\" content=\"https:\/\/secretosdelritmo.com\/wp-content\/uploads\/2024\/11\/Leonardo_Vision_XL_Un_fondo_abstracto_oscuro_con_lneas_doradas_0.jpg\" \/>\n\t<meta property=\"og:image:width\" content=\"1792\" \/>\n\t<meta property=\"og:image:height\" content=\"1456\" \/>\n\t<meta property=\"og:image:type\" content=\"image\/jpeg\" \/>\n<meta name=\"twitter:card\" content=\"summary_large_image\" \/>\n<!-- \/ Yoast SEO plugin. -->","yoast_head_json":{"title":"Iniciaci\u00f3n al Ritmo: Curso B\u00e1sico - Secretos del Ritmo","description":"Descubre y domina el comp\u00e1s desde casa con nuestro curso b\u00e1sico. \u00danete a nuestra comunidad musical y transforma tu talento. Env\u00edo gratis y 100 d\u00edas de devoluci\u00f3n.","robots":{"index":"index","follow":"follow","max-snippet":"max-snippet:-1","max-image-preview":"max-image-preview:large","max-video-preview":"max-video-preview:-1"},"canonical":"https:\/\/secretosdelritmo.com\/en\/producto\/iniciacion-al-ritmo-curso-basico-de-entrenamiento-musical-2\/","og_locale":"en_US","og_type":"article","og_title":"Iniciaci\u00f3n al Ritmo: Curso B\u00e1sico - Secretos del Ritmo","og_description":"Descubre y domina el comp\u00e1s desde casa con nuestro curso b\u00e1sico. \u00danete a nuestra comunidad musical y transforma tu talento. Env\u00edo gratis y 100 d\u00edas de devoluci\u00f3n.","og_url":"https:\/\/secretosdelritmo.com\/en\/producto\/iniciacion-al-ritmo-curso-basico-de-entrenamiento-musical-2\/","og_site_name":"Los secretos del ritmo","article_modified_time":"2025-11-21T11:06:06+00:00","og_image":[{"width":1792,"height":1456,"url":"https:\/\/secretosdelritmo.com\/wp-content\/uploads\/2024\/11\/Leonardo_Vision_XL_Un_fondo_abstracto_oscuro_con_lneas_doradas_0.jpg","type":"image\/jpeg"}],"twitter_card":"summary_large_image","schema":{"@context":"https:\/\/schema.org","@graph":[{"@type":"WebPage","@id":"https:\/\/secretosdelritmo.com\/en\/producto\/iniciacion-al-ritmo-curso-basico-de-entrenamiento-musical-2\/","url":"https:\/\/secretosdelritmo.com\/en\/producto\/iniciacion-al-ritmo-curso-basico-de-entrenamiento-musical-2\/","name":"Iniciaci\u00f3n al Ritmo: Curso B\u00e1sico - Secretos del Ritmo","isPartOf":{"@id":"https:\/\/secretosdelritmo.com\/en\/#website"},"primaryImageOfPage":{"@id":"https:\/\/secretosdelritmo.com\/en\/producto\/iniciacion-al-ritmo-curso-basico-de-entrenamiento-musical-2\/#primaryimage"},"image":{"@id":"https:\/\/secretosdelritmo.com\/en\/producto\/iniciacion-al-ritmo-curso-basico-de-entrenamiento-musical-2\/#primaryimage"},"thumbnailUrl":"https:\/\/secretosdelritmo.com\/wp-content\/uploads\/2024\/11\/Leonardo_Vision_XL_Un_fondo_abstracto_oscuro_con_lneas_doradas_0.jpg","datePublished":"2024-11-28T04:01:16+00:00","dateModified":"2025-11-21T11:06:06+00:00","description":"Descubre y domina el comp\u00e1s desde casa con nuestro curso b\u00e1sico. \u00danete a nuestra comunidad musical y transforma tu talento. Env\u00edo gratis y 100 d\u00edas de devoluci\u00f3n.","breadcrumb":{"@id":"https:\/\/secretosdelritmo.com\/en\/producto\/iniciacion-al-ritmo-curso-basico-de-entrenamiento-musical-2\/#breadcrumb"},"inLanguage":"en-US","potentialAction":[{"@type":"ReadAction","target":["https:\/\/secretosdelritmo.com\/en\/producto\/iniciacion-al-ritmo-curso-basico-de-entrenamiento-musical-2\/"]}]},{"@type":"ImageObject","inLanguage":"en-US","@id":"https:\/\/secretosdelritmo.com\/en\/producto\/iniciacion-al-ritmo-curso-basico-de-entrenamiento-musical-2\/#primaryimage","url":"https:\/\/secretosdelritmo.com\/wp-content\/uploads\/2024\/11\/Leonardo_Vision_XL_Un_fondo_abstracto_oscuro_con_lneas_doradas_0.jpg","contentUrl":"https:\/\/secretosdelritmo.com\/wp-content\/uploads\/2024\/11\/Leonardo_Vision_XL_Un_fondo_abstracto_oscuro_con_lneas_doradas_0.jpg","width":1792,"height":1456},{"@type":"BreadcrumbList","@id":"https:\/\/secretosdelritmo.com\/en\/producto\/iniciacion-al-ritmo-curso-basico-de-entrenamiento-musical-2\/#breadcrumb","itemListElement":[{"@type":"ListItem","position":1,"name":"Portada","item":"https:\/\/secretosdelritmo.com\/en\/"},{"@type":"ListItem","position":2,"name":"Tienda","item":"https:\/\/secretosdelritmo.com\/en\/tienda\/"},{"@type":"ListItem","position":3,"name":"Extras opcionales."}]},{"@type":"WebSite","@id":"https:\/\/secretosdelritmo.com\/en\/#website","url":"https:\/\/secretosdelritmo.com\/en\/","name":"Los secretos del ritmo","description":"","publisher":{"@id":"https:\/\/secretosdelritmo.com\/en\/#organization"},"potentialAction":[{"@type":"SearchAction","target":{"@type":"EntryPoint","urlTemplate":"https:\/\/secretosdelritmo.com\/en\/?s={search_term_string}"},"query-input":{"@type":"PropertyValueSpecification","valueRequired":true,"valueName":"search_term_string"}}],"inLanguage":"en-US"},{"@type":"Organization","@id":"https:\/\/secretosdelritmo.com\/en\/#organization","name":"Los secretos del ritmo","url":"https:\/\/secretosdelritmo.com\/en\/","logo":{"@type":"ImageObject","inLanguage":"en-US","@id":"https:\/\/secretosdelritmo.com\/en\/#\/schema\/logo\/image\/","url":"https:\/\/secretosdelritmo.com\/wp-content\/uploads\/2024\/11\/67470c105fa81_firma-MH-horizontal.png","contentUrl":"https:\/\/secretosdelritmo.com\/wp-content\/uploads\/2024\/11\/67470c105fa81_firma-MH-horizontal.png","width":1001,"height":232,"caption":"Los secretos del ritmo"},"image":{"@id":"https:\/\/secretosdelritmo.com\/en\/#\/schema\/logo\/image\/"}}]}},"_links":{"self":[{"href":"https:\/\/secretosdelritmo.com\/en\/wp-json\/wp\/v2\/product\/575","targetHints":{"allow":["GET"]}}],"collection":[{"href":"https:\/\/secretosdelritmo.com\/en\/wp-json\/wp\/v2\/product"}],"about":[{"href":"https:\/\/secretosdelritmo.com\/en\/wp-json\/wp\/v2\/types\/product"}],"replies":[{"embeddable":true,"href":"https:\/\/secretosdelritmo.com\/en\/wp-json\/wp\/v2\/comments?post=575"}],"wp:featuredmedia":[{"embeddable":true,"href":"https:\/\/secretosdelritmo.com\/en\/wp-json\/wp\/v2\/media\/519"}],"wp:attachment":[{"href":"https:\/\/secretosdelritmo.com\/en\/wp-json\/wp\/v2\/media?parent=575"}],"wp:term":[{"taxonomy":"marca","embeddable":true,"href":"https:\/\/secretosdelritmo.com\/en\/wp-json\/wp\/v2\/marca?post=575"},{"taxonomy":"product_brand","embeddable":true,"href":"https:\/\/secretosdelritmo.com\/en\/wp-json\/wp\/v2\/product_brand?post=575"},{"taxonomy":"product_cat","embeddable":true,"href":"https:\/\/secretosdelritmo.com\/en\/wp-json\/wp\/v2\/product_cat?post=575"},{"taxonomy":"product_tag","embeddable":true,"href":"https:\/\/secretosdelritmo.com\/en\/wp-json\/wp\/v2\/product_tag?post=575"}],"curies":[{"name":"wp","href":"https:\/\/api.w.org\/{rel}","templated":true}]}}