{"id":574,"date":"2024-11-28T04:02:07","date_gmt":"2024-11-28T04:02:07","guid":{"rendered":"https:\/\/secretosdelritmo.com\/producto\/curso-de-iniciacion-al-ritmo-dominio-y-entrenamiento\/"},"modified":"2025-11-21T11:04:13","modified_gmt":"2025-11-21T11:04:13","slug":"curso-de-iniciacion-al-ritmo-dominio-y-entrenamiento","status":"publish","type":"product","link":"https:\/\/secretosdelritmo.com\/en\/producto\/curso-de-iniciacion-al-ritmo-dominio-y-entrenamiento\/","title":{"rendered":"Extras opcionales."},"content":{"rendered":"<ul>\n<li><span style=\"font-weight: 400;\">Sesiones grupales extra (3 meses)<\/span><\/li>\n<\/ul>\n<p>&nbsp;<\/p>\n<ul>\n<li><span style=\"font-weight: 400;\">\u00a0Acceso a 3 meses de sesiones online (1 al mes).<\/span><\/li>\n<\/ul>\n","protected":false},"excerpt":{"rendered":"<ul>\n<li><span style=\"font-weight: 400;\">Sesiones grupales extra (3 meses)<\/span><\/li>\n<\/ul>\n<p>&nbsp;<\/p>\n<ul>\n<li><span style=\"font-weight: 400;\">\u00a0Acceso a 3 meses de sesiones online (1 al mes).<\/span><\/li>\n<\/ul>\n","protected":false},"featured_media":528,"comment_status":"open","ping_status":"closed","template":"","meta":{"_acf_changed":false,"iawp_total_views":1},"marca":[48,53],"product_brand":[],"product_cat":[83,84],"product_tag":[85,86,87],"class_list":{"0":"post-574","1":"product","2":"type-product","3":"status-publish","4":"has-post-thumbnail","6":"marca-ritmoarte","7":"marca-ritmosecreto","8":"product_cat-entrenamiento-ritmico-en","9":"product_cat-iniciacion-en","10":"product_tag-arte-en","11":"product_tag-musica-en","12":"product_tag-ritmo-en","14":"first","15":"instock","16":"shipping-taxable","17":"purchasable","18":"product-type-simple"},"acf":[],"yoast_head":"<!-- This site is optimized with the Yoast SEO plugin v27.4 - https:\/\/yoast.com\/product\/yoast-seo-wordpress\/ -->\n<title>Curso de Iniciaci\u00f3n al Ritmo Online<\/title>\n<meta name=\"description\" content=\"Descubre y domina el arte del comp\u00e1s con Los Secretos del Ritmo. Aprendizaje online transformador desde casa. \u00danete ahora y perfecciona tu pasi\u00f3n musical.\" \/>\n<meta name=\"robots\" content=\"index, follow, max-snippet:-1, max-image-preview:large, max-video-preview:-1\" \/>\n<link rel=\"canonical\" href=\"https:\/\/secretosdelritmo.com\/en\/producto\/curso-de-iniciacion-al-ritmo-dominio-y-entrenamiento\/\" \/>\n<meta property=\"og:locale\" content=\"en_US\" \/>\n<meta property=\"og:type\" content=\"article\" \/>\n<meta property=\"og:title\" content=\"Curso de Iniciaci\u00f3n al Ritmo Online\" \/>\n<meta property=\"og:description\" content=\"Descubre y domina el arte del comp\u00e1s con Los Secretos del Ritmo. Aprendizaje online transformador desde casa. \u00danete ahora y perfecciona tu pasi\u00f3n musical.\" \/>\n<meta property=\"og:url\" content=\"https:\/\/secretosdelritmo.com\/en\/producto\/curso-de-iniciacion-al-ritmo-dominio-y-entrenamiento\/\" \/>\n<meta property=\"og:site_name\" content=\"Los secretos del ritmo\" \/>\n<meta property=\"article:modified_time\" content=\"2025-11-21T11:04:13+00:00\" \/>\n<meta property=\"og:image\" content=\"https:\/\/secretosdelritmo.com\/wp-content\/uploads\/2024\/11\/Leonardo_Vision_XL_Una_imagen_elegante_que_combine_el_arte_vis_0.jpg\" \/>\n\t<meta property=\"og:image:width\" content=\"1792\" \/>\n\t<meta property=\"og:image:height\" content=\"1456\" \/>\n\t<meta property=\"og:image:type\" content=\"image\/jpeg\" \/>\n<meta name=\"twitter:card\" content=\"summary_large_image\" \/>\n<!-- \/ Yoast SEO plugin. -->","yoast_head_json":{"title":"Curso de Iniciaci\u00f3n al Ritmo Online","description":"Descubre y domina el arte del comp\u00e1s con Los Secretos del Ritmo. Aprendizaje online transformador desde casa. \u00danete ahora y perfecciona tu pasi\u00f3n musical.","robots":{"index":"index","follow":"follow","max-snippet":"max-snippet:-1","max-image-preview":"max-image-preview:large","max-video-preview":"max-video-preview:-1"},"canonical":"https:\/\/secretosdelritmo.com\/en\/producto\/curso-de-iniciacion-al-ritmo-dominio-y-entrenamiento\/","og_locale":"en_US","og_type":"article","og_title":"Curso de Iniciaci\u00f3n al Ritmo Online","og_description":"Descubre y domina el arte del comp\u00e1s con Los Secretos del Ritmo. Aprendizaje online transformador desde casa. \u00danete ahora y perfecciona tu pasi\u00f3n musical.","og_url":"https:\/\/secretosdelritmo.com\/en\/producto\/curso-de-iniciacion-al-ritmo-dominio-y-entrenamiento\/","og_site_name":"Los secretos del ritmo","article_modified_time":"2025-11-21T11:04:13+00:00","og_image":[{"width":1792,"height":1456,"url":"https:\/\/secretosdelritmo.com\/wp-content\/uploads\/2024\/11\/Leonardo_Vision_XL_Una_imagen_elegante_que_combine_el_arte_vis_0.jpg","type":"image\/jpeg"}],"twitter_card":"summary_large_image","schema":{"@context":"https:\/\/schema.org","@graph":[{"@type":"WebPage","@id":"https:\/\/secretosdelritmo.com\/en\/producto\/curso-de-iniciacion-al-ritmo-dominio-y-entrenamiento\/","url":"https:\/\/secretosdelritmo.com\/en\/producto\/curso-de-iniciacion-al-ritmo-dominio-y-entrenamiento\/","name":"Curso de Iniciaci\u00f3n al Ritmo Online","isPartOf":{"@id":"https:\/\/secretosdelritmo.com\/en\/#website"},"primaryImageOfPage":{"@id":"https:\/\/secretosdelritmo.com\/en\/producto\/curso-de-iniciacion-al-ritmo-dominio-y-entrenamiento\/#primaryimage"},"image":{"@id":"https:\/\/secretosdelritmo.com\/en\/producto\/curso-de-iniciacion-al-ritmo-dominio-y-entrenamiento\/#primaryimage"},"thumbnailUrl":"https:\/\/secretosdelritmo.com\/wp-content\/uploads\/2024\/11\/Leonardo_Vision_XL_Una_imagen_elegante_que_combine_el_arte_vis_0.jpg","datePublished":"2024-11-28T04:02:07+00:00","dateModified":"2025-11-21T11:04:13+00:00","description":"Descubre y domina el arte del comp\u00e1s con Los Secretos del Ritmo. Aprendizaje online transformador desde casa. \u00danete ahora y perfecciona tu pasi\u00f3n musical.","breadcrumb":{"@id":"https:\/\/secretosdelritmo.com\/en\/producto\/curso-de-iniciacion-al-ritmo-dominio-y-entrenamiento\/#breadcrumb"},"inLanguage":"en-US","potentialAction":[{"@type":"ReadAction","target":["https:\/\/secretosdelritmo.com\/en\/producto\/curso-de-iniciacion-al-ritmo-dominio-y-entrenamiento\/"]}]},{"@type":"ImageObject","inLanguage":"en-US","@id":"https:\/\/secretosdelritmo.com\/en\/producto\/curso-de-iniciacion-al-ritmo-dominio-y-entrenamiento\/#primaryimage","url":"https:\/\/secretosdelritmo.com\/wp-content\/uploads\/2024\/11\/Leonardo_Vision_XL_Una_imagen_elegante_que_combine_el_arte_vis_0.jpg","contentUrl":"https:\/\/secretosdelritmo.com\/wp-content\/uploads\/2024\/11\/Leonardo_Vision_XL_Una_imagen_elegante_que_combine_el_arte_vis_0.jpg","width":1792,"height":1456},{"@type":"BreadcrumbList","@id":"https:\/\/secretosdelritmo.com\/en\/producto\/curso-de-iniciacion-al-ritmo-dominio-y-entrenamiento\/#breadcrumb","itemListElement":[{"@type":"ListItem","position":1,"name":"Portada","item":"https:\/\/secretosdelritmo.com\/en\/"},{"@type":"ListItem","position":2,"name":"Tienda","item":"https:\/\/secretosdelritmo.com\/en\/tienda\/"},{"@type":"ListItem","position":3,"name":"Extras opcionales."}]},{"@type":"WebSite","@id":"https:\/\/secretosdelritmo.com\/en\/#website","url":"https:\/\/secretosdelritmo.com\/en\/","name":"Los secretos del ritmo","description":"","publisher":{"@id":"https:\/\/secretosdelritmo.com\/en\/#organization"},"potentialAction":[{"@type":"SearchAction","target":{"@type":"EntryPoint","urlTemplate":"https:\/\/secretosdelritmo.com\/en\/?s={search_term_string}"},"query-input":{"@type":"PropertyValueSpecification","valueRequired":true,"valueName":"search_term_string"}}],"inLanguage":"en-US"},{"@type":"Organization","@id":"https:\/\/secretosdelritmo.com\/en\/#organization","name":"Los secretos del ritmo","url":"https:\/\/secretosdelritmo.com\/en\/","logo":{"@type":"ImageObject","inLanguage":"en-US","@id":"https:\/\/secretosdelritmo.com\/en\/#\/schema\/logo\/image\/","url":"https:\/\/secretosdelritmo.com\/wp-content\/uploads\/2024\/11\/67470c105fa81_firma-MH-horizontal.png","contentUrl":"https:\/\/secretosdelritmo.com\/wp-content\/uploads\/2024\/11\/67470c105fa81_firma-MH-horizontal.png","width":1001,"height":232,"caption":"Los secretos del ritmo"},"image":{"@id":"https:\/\/secretosdelritmo.com\/en\/#\/schema\/logo\/image\/"}}]}},"_links":{"self":[{"href":"https:\/\/secretosdelritmo.com\/en\/wp-json\/wp\/v2\/product\/574","targetHints":{"allow":["GET"]}}],"collection":[{"href":"https:\/\/secretosdelritmo.com\/en\/wp-json\/wp\/v2\/product"}],"about":[{"href":"https:\/\/secretosdelritmo.com\/en\/wp-json\/wp\/v2\/types\/product"}],"replies":[{"embeddable":true,"href":"https:\/\/secretosdelritmo.com\/en\/wp-json\/wp\/v2\/comments?post=574"}],"wp:featuredmedia":[{"embeddable":true,"href":"https:\/\/secretosdelritmo.com\/en\/wp-json\/wp\/v2\/media\/528"}],"wp:attachment":[{"href":"https:\/\/secretosdelritmo.com\/en\/wp-json\/wp\/v2\/media?parent=574"}],"wp:term":[{"taxonomy":"marca","embeddable":true,"href":"https:\/\/secretosdelritmo.com\/en\/wp-json\/wp\/v2\/marca?post=574"},{"taxonomy":"product_brand","embeddable":true,"href":"https:\/\/secretosdelritmo.com\/en\/wp-json\/wp\/v2\/product_brand?post=574"},{"taxonomy":"product_cat","embeddable":true,"href":"https:\/\/secretosdelritmo.com\/en\/wp-json\/wp\/v2\/product_cat?post=574"},{"taxonomy":"product_tag","embeddable":true,"href":"https:\/\/secretosdelritmo.com\/en\/wp-json\/wp\/v2\/product_tag?post=574"}],"curies":[{"name":"wp","href":"https:\/\/api.w.org\/{rel}","templated":true}]}}