{"id":599,"date":"2024-11-28T03:42:39","date_gmt":"2024-11-28T03:42:39","guid":{"rendered":"https:\/\/secretosdelritmo.com\/nosotros\/"},"modified":"2025-11-21T10:42:43","modified_gmt":"2025-11-21T10:42:43","slug":"nosotros","status":"publish","type":"page","link":"https:\/\/secretosdelritmo.com\/en\/nosotros\/","title":{"rendered":"Sobre Miguel Hiroshi"},"content":{"rendered":"<section class=\"header_about_ecommerce_curvy1_1_1 background-1-dark\" id=\"\" data-block-id=\"69e2ee36c188e69e2ee36c188f\" data-block-name=\"acf\/header-about-ecommerce-curvy1-1-1\" data-post-id=\"599\" data-stable-id=\"block_192817ac01de6e5cca2435bb90a5e279\">\r\n    <div class=\"container\">\r\n        <div class=\"row\">\r\n            <div class=\"col col-titulo\">\r\n                                <h1 class=\"tamano1 color-2-headings-light\">Sobre Miguel Hiroshi.<\/h1>\r\n                                            <\/div>\r\n            <div class=\"col col-imagen\">\r\n                                <div class=\"imagen\" aria-label=\"Curso online de ritmo musical\"\r\n                    style=\"background-image:url('https:\/\/secretosdelritmo.com\/wp-content\/uploads\/2025\/02\/Leonardo_Vision_XL_Disea_una_imagen_para_una_seccin_de_encabez_0.jpg');\">\r\n                                        <\/div>\r\n                <\/div>\r\n            <\/div>\r\n        <\/div>\r\n<\/section>\r\n<style>\r\n    .header_about_ecommerce_curvy1_1_1:after {\r\n        content: \"\";\r\n        background: var(--background-1-light);\r\n        width: 100%;\r\n        bottom: -1px;\r\n        left: 0;\r\n        height: 300px;\r\n        position: absolute;\r\n        z-index: 0;\r\n    }\r\n\r\n    .header_about_ecommerce_curvy1_1_1 .col-imagen .imagen {\r\n        height: 737px;\r\n        background-position: center;\r\n        background-repeat: no-repeat;\r\n        border-radius: 30px;\r\n        background-size: cover;\r\n    }\r\n    \r\n    .header_about_ecommerce_curvy1_1_1 {\r\n        padding-top: 260px;\r\n        position: relative;\r\n        padding-bottom: 40px;\r\n    }\r\n\r\n    .header_about_ecommerce_curvy1_1_1 .texto * {\r\n        padding-bottom: 15px;\r\n    }\r\n\r\n    .header_about_ecommerce_curvy1_1_1 .col-imagen {\r\n        margin-top: 125px;\r\n    }\r\n\r\n    .header_about_ecommerce_curvy1_1_1 .texto *:last-child {\r\n        padding-bottom: 0;\r\n    }\r\n\r\n    .header_about_ecommerce_curvy1_1_1 .container {\r\n        position: relative;\r\n        z-index: 1;\r\n    }\r\n\r\n    .header_about_ecommerce_curvy1_1_1 .col-titulo {\r\n        max-width: 1250px;\r\n        margin: 0 auto;\r\n        text-align: center;\r\n    }\r\n\r\n    .header_about_ecommerce_curvy1_1_1 .btn-round {\r\n        border-radius: 60px;\r\n        \/* background: var(--color-boton-3-normal);*\/\r\n        padding: 12px 25px;\r\n        \/*color: var(--color-boton-3-texto-normal);*\/\r\n        display: inline-block;\r\n        min-width: 175px;\r\n        text-align: center;\r\n        text-decoration: none;\r\n    }\r\n    \r\n    .header_about_ecommerce_curvy1_1_1 h1 {\r\n        padding-bottom: 20px;\r\n        max-width: 1205px;\r\n    }\r\n\r\n    @media (max-width:1350px) {\r\n        .header_about_ecommerce_curvy1_1_1 .col-imagen .imagen {\r\n            height: 620px;\r\n        }\r\n    }\r\n\r\n    @media (max-width:1200px) {\r\n        .header_about_ecommerce_curvy1_1_1 .col-imagen .imagen {\r\n            height: 540px;\r\n        }\r\n\r\n        .header_about_ecommerce_curvy1_1_1 {\r\n            padding-top: 180px;\r\n        }\r\n\r\n        .header_about_ecommerce_curvy1_1_1 .col-imagen {\r\n            margin-top: 100px;\r\n        }\r\n    }\r\n\r\n    @media (max-width:992px) {\r\n        .header_about_ecommerce_curvy1_1_1 .col-imagen .imagen {\r\n            height: 450px;\r\n        }\r\n    }\r\n\r\n    @media (max-width:768px) {\r\n        .header_about_ecommerce_curvy1_1_1 .col-imagen .imagen {\r\n            height: 350px;\r\n        }\r\n\r\n        .header_about_ecommerce_curvy1_1_1:after {\r\n            height: 215px;\r\n        }\r\n\r\n        .header_about_ecommerce_curvy1_1_1 {\r\n            padding-top: 100px;\r\n        }\r\n\r\n        .header_about_ecommerce_curvy1_1_1 h1 {\r\n            padding: 35px 0 25px;\r\n            line-height: var(--tamano5-line-height);\r\n            font-size: var(--tamano4-font-size);\r\n        }\r\n\r\n        .header_about_ecommerce_curvy1_1_1 .texto {\r\n            padding-bottom: 20px;\r\n        }\r\n\r\n        .header_about_ecommerce_curvy1_1_1 .col-imagen {\r\n            margin-top: 30px;\r\n        }\r\n    }\r\n\r\n    @media (max-width:575px) {\r\n        .header_about_ecommerce_curvy1_1_1 .col-imagen .imagen {\r\n            height: 275px;\r\n        }\r\n    }\r\n<\/style>\r\n\n\n<section class=\"about_curvy1_19_1 background-1-light izquierda\" id=\"\"\r\n    original-block-id=\"block_634de862c6dfeb114847605fcacc837d\" data-block-id=\"69e2ee36c3b3369e2ee36c3b34\" data-block-name=\"acf\/about-curvy1-19-1\" data-post-id=\"599\" data-stable-id=\"block_634de862c6dfeb114847605fcacc837d\">\r\n    <div class=\"container\">\r\n        <div class=\"row\">\r\n            <div class=\"col\">\r\n                <div class=\"imagen\">\r\n                    <img decoding=\"async\" src=\"https:\/\/secretosdelritmo.com\/wp-content\/uploads\/2025\/02\/Captura-de-pantalla-2025-02-28-a-las-14.22.25-e1763721708334.png\" alt=\"\" title=\"Captura de pantalla 2025-02-28 a las 14.22.25\">\r\n                <\/div>\r\n                <div class=\"right\">\r\n                    \r\n                                        <h2 class=\"titulo tamano3 color-1-headings-dark\">Un poco m\u00e1s de informaci\u00f3n.<\/h2>\r\n                    \r\n                                        <div class=\"texto color-1-body-dark tamano7\" data-desactivar-leer-mas=\"0\">\r\n                        <span class=\"texto-corto\"><\/span>\r\n                        <span class=\"texto-completo\" style=\"display: none;\"><p><span style=\"font-weight: 400;\">Nacido en Jap\u00f3n y criado en las monta\u00f1as de <\/span><b>Sierra Nevada (Granada)<\/b><span style=\"font-weight: 400;\">, Miguel creci\u00f3 rodeado de naturaleza, flamenco y folclore andaluz \u2014 m\u00fasicas cargadas de ritmo y emoci\u00f3n.<\/span><span style=\"font-weight: 400;\"><br \/>\n<\/span><span style=\"font-weight: 400;\"> Su investigaci\u00f3n lo llev\u00f3 a estudiar en <\/span><b>Cuba, India y el Mediterr\u00e1neo<\/b><span style=\"font-weight: 400;\">, integrando la riqueza de cada tradici\u00f3n en una visi\u00f3n universal del ritmo.<\/span><\/p>\n<p><span style=\"font-weight: 400;\">Formado en conservatorio y con un m\u00e1ster en los Pa\u00edses Bajos, ha trabajado en proyectos de <\/span><b>m\u00fasica cl\u00e1sica, jazz, m\u00fasicas del mundo y electr\u00f3nica<\/b><span style=\"font-weight: 400;\">, girando por los cinco continentes y colaborando con m\u00fasicos de talla internacional.<\/span><\/p>\n<p><span style=\"font-weight: 400;\">A lo largo de su carrera ha ense\u00f1ado a miles de alumnos y desarrollado un m\u00e9todo \u00fanico: <\/span><i><span style=\"font-weight: 400;\">Los Secretos del Ritmo.<\/span><\/i><\/p>\n<p><span style=\"font-weight: 400;\">\u201cLa m\u00fasica no sucede en el instrumento.<\/span><span style=\"font-weight: 400;\"><br \/>\n<\/span><span style=\"font-weight: 400;\"> Sucede dentro de nosotros.<\/span><span style=\"font-weight: 400;\"><br \/>\n<\/span><span style=\"font-weight: 400;\"> El instrumento es solo un traductor de nuestra expresi\u00f3n.\u201d \u2014 <\/span><i><span style=\"font-weight: 400;\">Miguel Hiroshi<\/span><\/i><\/p><\/span>\r\n                    <\/div>\r\n                    <div class=\"vermas tamano7 boton-4-texto-normal\">\r\n                        <span class=\"mas tamano7 boton-4-texto-normal\">Read more<\/span>\r\n                        <span class=\"menos hide tamano7 boton-4-texto-normal\">Read less<\/span>\r\n                        <svg width=\"13\" height=\"13\" viewBox=\"0 0 13 8\" fill=\"none\"\r\n                            xmlns=\"http:\/\/www.w3.org\/2000\/svg\">\r\n                            <path id=\"Vector 14\" d=\"M1 1L6.5 6.5L12 1\" stroke=\"#2B275C\" stroke-width=\"1.5\" \/>\r\n                        <\/svg>\r\n                    <\/div>\r\n                    \r\n                                    <\/div>\r\n            <\/div>\r\n        <\/div>\r\n    <\/div>\r\n<\/section>\r\n<style>\r\n    .about_curvy1_19_1 .subtitulo {\r\n        padding-bottom: 20px;\r\n    }\r\n\r\n    .about_curvy1_19_1 .vermas svg path {\r\n        stroke: var(--boton-4-texto-normal);\r\n    }\r\n\r\n    .about_curvy1_19_1 .vermas .hide {\r\n        display: none;\r\n    }\r\n\r\n    .about_curvy1_19_1 .vermas.show svg {\r\n        transform: rotate(180deg);\r\n    }\r\n\r\n    .about_curvy1_19_1 .vermas {\r\n        margin-left: 100px;\r\n        margin-top: 20px;\r\n        display: none;\r\n        align-items: center;\r\n        gap: 10px;\r\n        cursor: pointer;\r\n    }\r\n\r\n    .about_curvy1_19_1 .vermas span {\r\n        font-weight: var(--tamano5-font-weight);\r\n    }\r\n\r\n    .about_curvy1_19_1 .right .btn-round {\r\n        margin-left: 100px;\r\n        margin-top: 50px;\r\n    }\r\n\r\n    .about_curvy1_19_1.derecha .right .texto {\r\n        padding-left: 0;\r\n        padding-right: 100px;\r\n    }\r\n\r\n    .about_curvy1_19_1 .right .texto {\r\n        padding-left: 100px\r\n    }\r\n\r\n    .about_curvy1_19_1 .imagen {\r\n        width: 50%;\r\n    }\r\n\r\n    .about_curvy1_19_1 .right {\r\n        width: 50%;\r\n        margin-left: 50px;\r\n    }\r\n\r\n    .about_curvy1_19_1 .right h2 {\r\n        padding-bottom: 45px;\r\n    }\r\n\r\n    .about_curvy1_19_1.derecha .col {\r\n        flex-direction: row-reverse;\r\n    }\r\n\r\n    .about_curvy1_19_1 .col {\r\n        display: flex;\r\n        gap: 30px;\r\n        align-items: center;\r\n    }\r\n\r\n    .about_curvy1_19_1 .btn-round {\r\n        border-radius: 60px;\r\n        padding: 12px 25px;\r\n        display: inline-block;\r\n        min-width: 175px;\r\n        text-align: center;\r\n        text-decoration: none;\r\n    }\r\n\r\n\r\n    .about_curvy1_19_1 .right .texto *:last-child {\r\n        padding-bottom: 0;\r\n    }\r\n\r\n    .about_curvy1_19_1 .right .texto .texto-corto {\r\n        padding-bottom: 0 !important;\r\n    }\r\n\r\n    .about_curvy1_19_1 .right .texto * {\r\n        padding-bottom: 20px;\r\n        font-size: inherit;\r\n        font-weight: inherit;\r\n        line-height: inherit;\r\n        letter-spacing: inherit;\r\n        font-family: inherit;\r\n    }\r\n\r\n\r\n     .about_curvy1_19_1 img {\r\n        border-radius: 30px;\r\n    }\r\n\r\n     .about_curvy1_19_1 {\r\n        padding: 81px 0;\r\n        margin-top: -1px;\r\n    }\r\n\r\n    @media (max-width:1300px) {\r\n        .about_curvy1_19_1 .col {\r\n            gap: 30px;\r\n        }\r\n\r\n        .about_curvy1_19_1 .right {\r\n            padding-top: 0;\r\n        }\r\n    }\r\n\r\n    @media (max-width:1200px) {\r\n        .about_curvy1_19_1.derecha .col {\r\n            flex-direction: column;\r\n        }\r\n\r\n        .about_curvy1_19_1 .imagen {\r\n            width: 100%;\r\n        }\r\n\r\n        .about_curvy1_19_1 .col {\r\n            flex-direction: column;\r\n        }\r\n\r\n        .about_curvy1_19_1 .right {\r\n            max-width: 100%;\r\n            width: 100%;\r\n            margin: 0;\r\n        }\r\n\r\n        .about_curvy1_19_1 .subtitulo {\r\n            padding-bottom: 15px;\r\n        }\r\n\r\n        .about_curvy1_19_1 .right h2 {\r\n            padding-bottom: 15px;\r\n        }\r\n\r\n        .about_curvy1_19_1 .right .texto {\r\n            padding-left: 60px;\r\n        }\r\n\r\n        .about_curvy1_19_1.derecha .right .texto {\r\n            padding-right: 0;\r\n            padding-left: 60px;\r\n        }\r\n\r\n        .about_curvy1_19_1 .right .btn-round,\r\n        .about_curvy1_19_1 .vermas {\r\n            margin-left: 60px;\r\n        }\r\n    }\r\n\r\n    @media (max-width:992px) {\r\n        .about_curvy1_19_1 {\r\n            padding: 40px 0;\r\n        }\r\n    }\r\n\r\n    @media (max-width:768px) {\r\n        .about_curvy1_19_1 h2 {\r\n            line-height: var(--tamano5-line-height);\r\n        }\r\n\r\n        .about_curvy1_19_1 .right h2 {\r\n            padding-bottom: 20px;\r\n        }\r\n\r\n        .about_curvy1_19_1 .col {\r\n            gap: 20px;\r\n        }\r\n\r\n        .about_curvy1_19_1 .vermas {\r\n            margin-top: 20px !important;\r\n        }\r\n\r\n        .about_curvy1_19_1 .right .texto.show {\r\n            padding-bottom: 20px;\r\n        }\r\n\r\n        .about_curvy1_19_1 .right .btn-round {\r\n            margin-top: 20px;\r\n        }\r\n    }\r\n<\/style>\r\n<script>\r\n    jQuery(document).ready(function($) {\r\n        const $instance = $('.about_curvy1_19_1[original-block-id=\"block_634de862c6dfeb114847605fcacc837d\"]');\r\n\r\n        if (!$instance.length) return;\r\n\r\n        const CONFIG_AC191 = {\r\n            limites: {\r\n                mobile: 200,\r\n                desktop: 600\r\n            },\r\n            breakpoint: 992\r\n        };\r\n\r\n        function truncarTextoEnUltimaPalabraAC191(texto, limite) {\r\n            if (texto.length <= limite) return texto;\r\n            const cortado = texto.substring(0, limite);\r\n            const ultimoEspacio = cortado.lastIndexOf(' ');\r\n            return (ultimoEspacio > limite * 0.8 ? cortado.substring(0, ultimoEspacio) : cortado) + '...';\r\n        }\r\n\r\n        function truncarHTMLAC191(html, limite) {\r\n            const $temp = $('<div>').html(html);\r\n            let chars = 0,\r\n                resultado = '';\r\n\r\n            function procesarNodoAC191(nodo) {\r\n                if (chars >= limite) return false;\r\n\r\n                if (nodo.nodeType === 3) {\r\n                    const texto = nodo.textContent || '';\r\n                    if (chars + texto.length <= limite) {\r\n                        resultado += texto;\r\n                        chars += texto.length;\r\n                    } else {\r\n                        resultado += truncarTextoEnUltimaPalabraAC191(texto, limite - chars);\r\n                        chars = limite;\r\n                        return false;\r\n                    }\r\n                } else if (nodo.nodeType === 1) {\r\n                    const $elem = $(nodo);\r\n                    const tag = nodo.tagName.toLowerCase();\r\n                    const textoElem = $elem.text();\r\n\r\n                    if (chars + textoElem.length <= limite) {\r\n                        resultado += $('<div>').append($elem.clone()).html();\r\n                        chars += textoElem.length;\r\n                    } else {\r\n                        const attrs = Array.from(nodo.attributes).map(a =>\r\n                            a.name + '=\"' + (a.value || '').replace(\/\"\/g, '&quot;') + '\"'\r\n                        ).join(' ');\r\n                        resultado += '<' + tag + (attrs ? ' ' + attrs : '') + '>';\r\n\r\n                        $elem.contents().each(function() {\r\n                            return procesarNodoAC191(this);\r\n                        });\r\n\r\n                        resultado += '<\/' + tag + '>';\r\n                        return false;\r\n                    }\r\n                }\r\n                return true;\r\n            }\r\n\r\n            $temp.contents().each(function() {\r\n                return procesarNodoAC191(this);\r\n            });\r\n\r\n            return resultado || truncarTextoEnUltimaPalabraAC191($temp.text(), limite);\r\n        }\r\n\r\n        function aplicarTruncadoAC191() {\r\n            $instance.find('.texto-completo').each(function() {\r\n                const $completo = $(this);\r\n                if ($completo.is(':visible')) return;\r\n\r\n                const $texto = $completo.closest('.texto');\r\n                const $corto = $completo.siblings('.texto-corto');\r\n                const $vermas = $texto.siblings('.vermas');\r\n\r\n                if (!$corto.length) return;\r\n\r\n                const html = $completo.html() || '';\r\n                const textoPlano = $completo.text() || '';\r\n                const esMobile = $(window).width() <= CONFIG_AC191.breakpoint;\r\n                const limite = esMobile ? CONFIG_AC191.limites.mobile : CONFIG_AC191.limites.desktop;\r\n                const desactivado = $texto.attr('data-desactivar-leer-mas') === '1';\r\n\r\n                if (desactivado) {\r\n                    if (!esMobile) {\r\n                        $corto.html(html).show();\r\n                        $vermas.hide();\r\n                        return;\r\n                    }\r\n                }\r\n\r\n                if (textoPlano.length > limite) {\r\n                    $corto.html(truncarHTMLAC191(html, limite)).show();\r\n                    $vermas.css('display', 'flex');\r\n                } else {\r\n                    $corto.html(html).show();\r\n                    $vermas.hide();\r\n                }\r\n            });\r\n        }\r\n\r\n        aplicarTruncadoAC191();\r\n        $(window).on('resize', aplicarTruncadoAC191);\r\n\r\n        $instance.on('click', '.vermas', function() {\r\n            const $btn = $(this);\r\n            const $texto = $btn.siblings('.texto');\r\n            const $corto = $texto.find('.texto-corto');\r\n            const $completo = $texto.find('.texto-completo');\r\n\r\n            if ($corto.is(':visible')) {\r\n                $corto.hide();\r\n                $completo.show();\r\n                $btn.addClass('show');\r\n            } else {\r\n                $completo.hide();\r\n                aplicarTruncadoAC191();\r\n                $btn.removeClass('show');\r\n            }\r\n\r\n            $btn.find('span').toggleClass('hide');\r\n        });\r\n    });\r\n<\/script>\r\n","protected":false},"excerpt":{"rendered":"","protected":false},"author":1,"featured_media":0,"parent":0,"menu_order":0,"comment_status":"open","ping_status":"closed","template":"","meta":{"_acf_changed":false,"iawp_total_views":1,"footnotes":""},"class_list":["post-599","page","type-page","status-publish","hentry"],"acf":[],"yoast_head":"<!-- This site is optimized with the Yoast SEO plugin v27.4 - https:\/\/yoast.com\/product\/yoast-seo-wordpress\/ -->\n<title>Cursos Online de Ritmo - Los Secretos del Ritmo<\/title>\n<meta name=\"description\" content=\"Descubre la magia y elegancia del ritmo con cursos en l\u00ednea dise\u00f1ados para mejorar tus habilidades musicales. \u00danete y transforma tu arte con expertos de Los Secretos del Ritmo.\" \/>\n<meta name=\"robots\" content=\"index, follow, max-snippet:-1, max-image-preview:large, max-video-preview:-1\" \/>\n<link rel=\"canonical\" href=\"https:\/\/secretosdelritmo.com\/en\/nosotros\/\" \/>\n<meta property=\"og:locale\" content=\"en_US\" \/>\n<meta property=\"og:type\" content=\"article\" \/>\n<meta property=\"og:title\" content=\"Cursos Online de Ritmo - Los Secretos del Ritmo\" \/>\n<meta property=\"og:description\" content=\"Descubre la magia y elegancia del ritmo con cursos en l\u00ednea dise\u00f1ados para mejorar tus habilidades musicales. \u00danete y transforma tu arte con expertos de Los Secretos del Ritmo.\" \/>\n<meta property=\"og:url\" content=\"https:\/\/secretosdelritmo.com\/en\/nosotros\/\" \/>\n<meta property=\"og:site_name\" content=\"Los secretos del ritmo\" \/>\n<meta property=\"article:modified_time\" content=\"2025-11-21T10:42:43+00:00\" \/>\n<meta name=\"twitter:card\" content=\"summary_large_image\" \/>\n<!-- \/ Yoast SEO plugin. -->","yoast_head_json":{"title":"Cursos Online de Ritmo - Los Secretos del Ritmo","description":"Descubre la magia y elegancia del ritmo con cursos en l\u00ednea dise\u00f1ados para mejorar tus habilidades musicales. \u00danete y transforma tu arte con expertos de Los Secretos del Ritmo.","robots":{"index":"index","follow":"follow","max-snippet":"max-snippet:-1","max-image-preview":"max-image-preview:large","max-video-preview":"max-video-preview:-1"},"canonical":"https:\/\/secretosdelritmo.com\/en\/nosotros\/","og_locale":"en_US","og_type":"article","og_title":"Cursos Online de Ritmo - Los Secretos del Ritmo","og_description":"Descubre la magia y elegancia del ritmo con cursos en l\u00ednea dise\u00f1ados para mejorar tus habilidades musicales. \u00danete y transforma tu arte con expertos de Los Secretos del Ritmo.","og_url":"https:\/\/secretosdelritmo.com\/en\/nosotros\/","og_site_name":"Los secretos del ritmo","article_modified_time":"2025-11-21T10:42:43+00:00","twitter_card":"summary_large_image","schema":{"@context":"https:\/\/schema.org","@graph":[{"@type":"WebPage","@id":"https:\/\/secretosdelritmo.com\/en\/nosotros\/","url":"https:\/\/secretosdelritmo.com\/en\/nosotros\/","name":"Cursos Online de Ritmo - Los Secretos del Ritmo","isPartOf":{"@id":"https:\/\/secretosdelritmo.com\/en\/#website"},"datePublished":"2024-11-28T03:42:39+00:00","dateModified":"2025-11-21T10:42:43+00:00","description":"Descubre la magia y elegancia del ritmo con cursos en l\u00ednea dise\u00f1ados para mejorar tus habilidades musicales. \u00danete y transforma tu arte con expertos de Los Secretos del Ritmo.","breadcrumb":{"@id":"https:\/\/secretosdelritmo.com\/en\/nosotros\/#breadcrumb"},"inLanguage":"en-US","potentialAction":[{"@type":"ReadAction","target":["https:\/\/secretosdelritmo.com\/en\/nosotros\/"]}]},{"@type":"BreadcrumbList","@id":"https:\/\/secretosdelritmo.com\/en\/nosotros\/#breadcrumb","itemListElement":[{"@type":"ListItem","position":1,"name":"Portada","item":"https:\/\/secretosdelritmo.com\/en\/"},{"@type":"ListItem","position":2,"name":"Sobre Miguel Hiroshi"}]},{"@type":"WebSite","@id":"https:\/\/secretosdelritmo.com\/en\/#website","url":"https:\/\/secretosdelritmo.com\/en\/","name":"Los secretos del ritmo","description":"","publisher":{"@id":"https:\/\/secretosdelritmo.com\/en\/#organization"},"potentialAction":[{"@type":"SearchAction","target":{"@type":"EntryPoint","urlTemplate":"https:\/\/secretosdelritmo.com\/en\/?s={search_term_string}"},"query-input":{"@type":"PropertyValueSpecification","valueRequired":true,"valueName":"search_term_string"}}],"inLanguage":"en-US"},{"@type":"Organization","@id":"https:\/\/secretosdelritmo.com\/en\/#organization","name":"Los secretos del ritmo","url":"https:\/\/secretosdelritmo.com\/en\/","logo":{"@type":"ImageObject","inLanguage":"en-US","@id":"https:\/\/secretosdelritmo.com\/en\/#\/schema\/logo\/image\/","url":"https:\/\/secretosdelritmo.com\/wp-content\/uploads\/2024\/11\/67470c105fa81_firma-MH-horizontal.png","contentUrl":"https:\/\/secretosdelritmo.com\/wp-content\/uploads\/2024\/11\/67470c105fa81_firma-MH-horizontal.png","width":1001,"height":232,"caption":"Los secretos del ritmo"},"image":{"@id":"https:\/\/secretosdelritmo.com\/en\/#\/schema\/logo\/image\/"}}]}},"_links":{"self":[{"href":"https:\/\/secretosdelritmo.com\/en\/wp-json\/wp\/v2\/pages\/599","targetHints":{"allow":["GET"]}}],"collection":[{"href":"https:\/\/secretosdelritmo.com\/en\/wp-json\/wp\/v2\/pages"}],"about":[{"href":"https:\/\/secretosdelritmo.com\/en\/wp-json\/wp\/v2\/types\/page"}],"author":[{"embeddable":true,"href":"https:\/\/secretosdelritmo.com\/en\/wp-json\/wp\/v2\/users\/1"}],"replies":[{"embeddable":true,"href":"https:\/\/secretosdelritmo.com\/en\/wp-json\/wp\/v2\/comments?post=599"}],"version-history":[{"count":4,"href":"https:\/\/secretosdelritmo.com\/en\/wp-json\/wp\/v2\/pages\/599\/revisions"}],"predecessor-version":[{"id":1107,"href":"https:\/\/secretosdelritmo.com\/en\/wp-json\/wp\/v2\/pages\/599\/revisions\/1107"}],"wp:attachment":[{"href":"https:\/\/secretosdelritmo.com\/en\/wp-json\/wp\/v2\/media?parent=599"}],"curies":[{"name":"wp","href":"https:\/\/api.w.org\/{rel}","templated":true}]}}